{"id":252,"date":"2024-09-05T21:35:04","date_gmt":"2024-09-05T21:35:04","guid":{"rendered":"https:\/\/wimvancampen.nl\/?page_id=252"},"modified":"2025-03-09T14:17:41","modified_gmt":"2025-03-09T14:17:41","slug":"liedteksten","status":"publish","type":"page","link":"https:\/\/wimvancampen.nl\/?page_id=252","title":{"rendered":"Liedteksten"},"content":{"rendered":"\n<h2 class=\"wp-block-heading\">Liedteksten<\/h2>\n\n\n\n<p>Het succes van de grote Nederlandse zanger\/tekstschrijver&nbsp;<a href=\"https:\/\/www.johandooveproducties.nl\">Jan Blom<\/a>&nbsp;heeft mij aangemoedigd me ook aan het schrijven van liedteksten te gaan bezondigen. Hier zijn er een paar:<\/p>\n\n\n\n<p><br><strong>Duizend keren<\/strong> <strong>(liedtekst voor&nbsp;<a href=\"https:\/\/wimvancampen.nl\/links.htm\">Jan Blom<\/a>)<\/strong><br>Ik woel wat door je haar<br>Je goudgesponnen haar<br>Ik strijk eens langs je kin<br>Je hartgevormde kin<br>\u2019t Is prima voor mekaar<br>Ik krijg een beetje zin<\/p>\n\n\n\n<p><em>[Refrein:]<\/em><br>Duizend keren<br>Duizend keren<br>Heb ik \u2019t al met jou gedaan<br>Duizend keren<br>En meestal is het goed gegaan<br>Zacht genomen<br>Hard genomen<br>In mijn armen ben je klaargekomen<br>***<br>Ik streel heel zacht je wang<br>Je rozebloze wang<br>Bezie je oog in oog<br>Je staalgrijsblauwe oog<br>Ik kom al goed op gang<br>Het zit al aardig hoog<br><br><em>[Refrein]<\/em><br>***&nbsp;<br>Ik aarzel bij je oor<br>Je fijngeschelpte oor<br>Ik zoek je mooie mond<br>Je glanzendrode mond<br>Ik draai een beetje door<br>Verlies een beetje grond<\/p>\n\n\n\n<p><em>[Refrein]<\/em><br>***<br>Ik daal dan in je nek<br>Je donsbegroeide nek<br>Het kuiltje in je hals<br>Je zwanenzachte hals<br>Ik word een beetje gek<br>Ik word een beetje vals<\/p>\n\n\n\n<p><em>[Refrein]<\/em><br>***<br>Ik pak je ranke pols<br>Je sierlijksmalle pols<br>Ik tast dan naar je hand<br>Volmaaktgevormde hand<br>Ik wordt al lichtjes krols<br>Sta enigszins in brand<\/p>\n\n\n\n<p><em>[Refrein]<\/em><br>***<br>Ik zoek en vind een borst<br>Een zachtgeroomde borst<br>Ik vinger aan je knop<br>Je hardgevroren knop<br>Ik voel dat\u2019k naar je dorst<br>Verlies zowat mijn kop<\/p>\n\n\n\n<p><em>[Refrein]<\/em><br>***&nbsp;<br>Glij zachtjes naar je buik<br>Je welgewelfde buik<br>Opzij dan naar je dij<br>Je zachtgespierde dij<br>Ik spartel in je fuik<br>En jij, je bent van mij<\/p>\n\n\n\n<p><em>[Refrein]<\/em><br>***<br>Mijn hand bereikt je bil<br>Je golvendstrakke bil<br>Belandt dan in je tum<br>Je vochtigwarme tum<br>Ik sidder en ik tril<br>Ik neem je in een mum<\/p>\n\n\n\n<p><em>[Slotrefrein:]<\/em><br>Duizend keren<br>Duizend keren<br>Heb ik \u2019t al met jou gedaan<br>Duizend keren<br>En meestal is het goed gegaan<br>In mijn dromen<br>In mijn dromen<br>\u2018k Ben nooit verder dan je stoep gekomen<br><em>\u00a9Wim van Campen\/24 december 2008<\/em><\/p>\n\n\n\n<p><strong>Had ik maar&#8230;<\/strong><br>Wat was ze nog pril<br>Wat was ze toch mooi<br>Door mijn roze bril<br>Ik deed dus een gooi<br><br><em>[Chorus1:]<\/em><br>Nooit heb ik naar<br>Nee nooit heb ik naar<br>Naar mijn moeder geluisterd<br>Naar wat men heeft gefluisterd<br>Ik hield van die griet<br>En ik luisterde niet<br>Door de liefde verduisterd<br><br>***<br>Ik sloofde me uit<br>Ze was toch zo mooi<br>Ik maakte haar buit<br>En dook in het hooi<\/p>\n\n\n\n<p><em>[Chorus1]<\/em><\/p>\n\n\n\n<p>***<br>Ik raakte verknocht<br>Ze was ook zo mooi<br>Wat was ik verkocht<br>Een dankbare prooi<\/p>\n\n\n\n<p><em>[Chorus1]<\/em><\/p>\n\n\n\n<p>***<br>Ik trok bij haar in<br>Nog steeds was ze mooi<br>Als in het begin<br>Van prachtig allooi<\/p>\n\n\n\n<p><em>[Chorus1]<\/em><\/p>\n\n\n\n<p>***<br>Toen kwam er een kind<br>Ook dat was heel mooi<br>Maar \u2019t drong mij gezwind<br>Voorgoed in de plooi<\/p>\n\n\n\n<p><em>[Chorus2:]<\/em><br>Had ik nou maar<br>Ja had ik nou maar<br>Naar mijn moeder geluisterd<br>Naar wat men heeft gefluisterd<br>Dan zat ik nu niet<br>Nee dan zat ik nu niet<br>In een keurslijf gekluisterd<\/p>\n\n\n\n<p>***<br>En heel ongewild<br>Ze werd minder mooi<br>Is de toestand verkild<br>Geen spoor meer van dooi<\/p>\n\n\n\n<p><em>[Chorus2]<\/em><\/p>\n\n\n\n<p>***<br>Nu zit ik helaas<br>Z\u2019is al lang niet meer mooi<br>Gevangen in \u2018t gaas<br>Van een knellende kooi<\/p>\n\n\n\n<p><em>[Chorus2]<\/em><\/p>\n\n\n\n<p><em>\u00a9Wim van Campen\/ 19 januari 2009<\/em><\/p>\n\n\n\n<p><strong>Idee-fieks<\/strong><br>Ik heb een kanjer van een baan<br>Een goeie zaak, en niet te druk<br>En waar ik wil kan \u2018k gaan en staan<br>Maar is dat nou geluk?<br><br>[REF]<br>Het heeft misschien iets fanatieks<br>Maar ik wil eigenlijk alleen maar Grieks<br><br>Ik heb een eigen vrijstaand huis<br>Met oprijlaan, zo ver je ziet<br>Ik heb een leven als een luis<br>En toch, toch dat verdriet<\/p>\n\n\n\n<p>[REF]<br>Het heeft misschien iets te klassieks<br>Maar ik wil eigenlijk alleen maar Grieks<\/p>\n\n\n\n<p>Met geld als water op de bank<br>En spullen zat, niks op de biets<br>Geen enk\u2019le reden voor gejank<br>Maar toch ontbreekt er iets<br><br>[REF]<br>Het heeft misschien ook wel iets zieks<br>Maar ik wil eigenlijk alleen maar Grieks<br><br>Mijn lijf is strak en heerlijk slank<br>En mijn gezondheid: als een vis<br>Mij past dus vrolijkheid en dank<br>Maar toch voel ik gemis<\/p>\n\n\n\n<p>[REF]<br>Het heeft misschien niets sympathieks<br>Maar ik wil eigenlijk alleen maar Grieks<\/p>\n\n\n\n<p>Ik heb van alles wel verstand<br>Doorzie heel snel, dus razend knap<br>Geheugen als een olifant<br>Maar \u00e9\u00e9n ding da\u2019k niet snap<br><br>[REF]<br>Het heeft dan ook niets numerieks<br>Maar ik wil eigenlijk alleen maar Grieks<br><br>Ik heb een pracht van een vriendin<br>Een leuke snuit, een lekker gat<br>Ze heeft op alle tijden zin<br>Maar toch, toch mis ik wat<\/p>\n\n\n\n<p>[REF]<br>Het is misschien een idee-fieks<br>Maar ik wil eigenlijk alleen maar Grieks<br><em>\u00a9Wim van Campen\/12 maart 2009<\/em><\/p>\n\n\n\n<p><strong>Tegenwind Blues<\/strong><br>\u2019n Eindeloze winter lang<br>Heeft-ie daar verstild gestaan<br>Troosteloosheid in de gang<br>Werkeloos en afgedaan<br>Maar dan komt ineens zo\u2019n dag<br>Vol van vogeltjesgefluit<br>Dat het godzijdank weer mag<br>Met je fiets er weer opuit<\/p>\n\n\n\n<p>[REF]<br>Zoevend laat ik de pedalen<br>Eindeloos hun rondjes malen<br>Maar al bij de eerste sprint<br>Teistert mij de tegenwind<\/p>\n\n\n\n<p>\u2019t Onderstel is nog wat slap<br>Voor je favoriete sport<br>Maar met elke nieuwe trap<br>Voel je dat je sterker wordt<br>\u2019t Duurt niet lang meer of je straalt<br>Van een bovenaards genot<br>Alles uit de kast gehaald<br>Fietsend als een jonge god<\/p>\n\n\n\n<p>[REF]<br>Zoevend laat ik de pedalen<br>Eindeloos hun rondjes malen<br>Maar, wat ik iets minder vind:<br>Daar is weer die tegenwind<\/p>\n\n\n\n<p>\u2019t Landschap vliegt aan je voorbij<br>Het ontgaat je allemaal<br>\u2018n Kudde schapen in een wei<br>Of een boomomzoomd kanaal<br>Dan de stilte van het duin<br>En de koelte van het bos<br>Bloemenweelde in een tuin<br>Nee, je gaat alleen maar los<\/p>\n\n\n\n<p>[REF]<br>Zoevend laat ik de pedalen<br>Eindeloos hun rondjes malen<br>Maar wat maakt het onbemind?<br>Altijd weer die tegenwind<\/p>\n\n\n\n<p>Loopt het allemaal weer mis?<br>Sta je stijf van haat en nijd?<br>Eenmaal in het zadel is<br>Alles vlot verleden tijd<br>Beukend tegen een orkaan<br>Wordt je rotbui weggewaaid<br>Maar als je weer t\u2019rug wilt gaan<br>Blijkt de wind te zijn gedraaid<\/p>\n\n\n\n<p>[REF]<br>Zoevend laat ik de pedalen<br>Eindeloos hun rondjes malen<br>Maar wat op den duur verblindt:<br>Steeds is daar die tegenwind<\/p>\n\n\n\n<p>\u2018k Ben niet vies van tegenslag<br>Word je stevig van en hard<br>Maar het liefst niet elke dag<br>En niet al vanaf de start<br>Want als alles lekker gaat<br>Moeiteloos en vliegensvlug<br>Denk je toch met lichte haat<br>Aan de zware weg terug<\/p>\n\n\n\n<p>[REF}<br>Zoevend laat ik de pedalen<br>Eindeloos hun rondjes malen<br>Wat me toch nog steeds niet zint<br>Is die stomme tegenwind<br><em>\u00a9Wim van Campen\/26 april 2009<\/em><\/p>\n\n\n\n<p><strong>De Hollandse berg<\/strong><br>Net als vele landgenoten<br>Voel ik me pas echt een grote<br>Als ik hoor bij al die drommen<br>Die de Alpe d\u2019Huez beklommen<br><br>Dus begin ik vol vertrouwen<br>Uitgezwaaid door mooie vrouwen<br>Aan de helse tocht der tochten<br>Met z\u2019n eenentwintig bochten<br><br>Al meteen vanaf de voet<br>Knaagt de helling aan mijn moed<br>\u2019t Eerste stuk is heel gemeen<br>Door bocht eenentwintig heen<br><br><em>[Chorus ]<\/em><br>En in elke bocht dat bord!<br>Met z\u00b4n sombere getallen<br>Over hoe \u2019t nog zwaarder wordt<br>Die je stemming steeds vergallen<br><br>\u2018t Blijft nog even tien procent<br>Maar je raakt eraan gewend<br>\u2018k Heb nog nauwelijks verval<br>En daar is bocht twintig al<br><br>Daarna wordt het minder zwaar<br>Nog een vrij kort stukje maar<br>En ik ga de zegen zien<br>Van bocht nummer negentien<br><br>\u2018k Voel mezelf nog steeds een harde<br>Klimmend naar het dorp La Garde<br>\u2018k Laat een roekeloze lach zien<br>Bij het ronden van bocht achttien<br><br><em>[Chorus]<\/em><br><br>Dan, het dorp de rug toe kerend<br>Wordt mijn slag al minder verend<br>Lullig dat ik even grien<br>Stampend naar bocht zeventien<br><br>Nu, weer naar La Garde toe,<br>Voel ik me oneindig moe<br>En daar laat zich al de stress zien<br>Van die duivelse bocht zestien<br><br>Als \u2018k La Garde weer verlaat<br>Ga ik bijna van m\u2019n graat<br>Op het lange, rechte stuk<br>Naar bocht vijftien zit ik stuk<br><br><em>[Chorus]<\/em><br>\u2018k Schakel nog een tandje terug<br>En de pijn kruipt in m\u2019n rug<br>Als ik afgemat kan neerzien<br>Op het asfalt van bocht veertien<br><br>Al m\u2019n kracht wordt weggezogen<br>En het snot komt voor m\u2019n ogen<br>Ik moet lang uit de pedalen<br>Wil ik nog bocht dertien halen<br><br>Als de route weer verandert<br>En door \u2018t bos omhoog meandert<br>Denk ik, God wat een gedrocht<br>Zwalkend door de twaalfde bocht<br><br><em>[Chorus]<\/em><br>\u2019t Gaat nu sneller heen en weer<br>Maar mijn hele lijf doet zeer<br>Grote twijfel aan mezelf<br>Overvalt me bij bocht elf<br><br>Wankelend het bos weer uit en<br>Met totaal verzuurde kuiten<br>Ben ik hopeloos gezien<br>Bij het ingaan van bocht tien<br><br>Keren en het bos weer in<br>Met gezonde tegenzin<br>Nooit kwam ik mezelf z\u00f3 tegen<br>Als bij \u2019t nemen van bocht negen<br><br><em>[Chorus]<\/em><br>In de schaduw van de bomen<br>Kan ik iets op adem komen<br>Krijg ik weer een beetje kracht<br>Kruisend buitenom bocht acht<br><br>Met de zon weer op m\u2019n kop<br>Krijg ik last van hongerklop<br>Wat is dit een hondenleven<br>Kreun ik, stampend door bocht zeven<br><br>Nu, met pijn in elk gewricht<br>Krijg ik woningen in zicht<br>Langs het kerkje van Huez<br>Ben \u2018k al bijna bij bocht zes<br><br><em>[Chorus]<\/em><br>Linksomkeert het dorp weer in<br>E\u00e9n keer nog de beuk erin<br>Met mijn afgebeulde lijf<br>Scoor ik toch maar mooi bocht vijf<br><br>Als \u2018k Huez de rug toe keer<br>Kan ik werkelijk niet meer<br>Wat is hiervan het plezier<br>Overweeg ik bij bocht vier<br><br>Bijna had ik \u2018t opgegeven<br>Maar dan kom ik weer tot leven<br>Als ik daar mijn einddoel zie<br>In de verte bij bocht drie<br><br><em>[Chorus]<\/em><br>Dan, ineens, een fotograaf<br>\u2018k Recht mijn rug en glimlach braaf<br>\u2019t Valt me eigenlijk best mee<br>De beklimming naar bocht twee<br><br>Ik begin alvast te stralen<br>Bij \u2019t besef dat ik \u2019t ga halen<br>V\u00f3\u00f3r de finish zit alleen<br>Nog een rottige bocht \u00e9\u00e9n<\/p>\n\n\n\n<p><em>[Laatste Chorus]<\/em><br>En daar is het laatste bord!<br>Met z\u2019n sombere getallen<br>Maar hoe zwaar het ook nog wordt<br>\u2019t Kan de pret niet meer vergallen<\/p>\n\n\n\n<p>\u2018k Ga volledig uit m\u2019n dak<br>Als \u2018k de laatste helling pak<br>Wie de Alpe bedwingen kan<br>\u2019s Immers pas een echte man!<br><em>\u00a9 Wim van Campen\/24 juli 2009<\/em><br><\/p>\n\n\n\n<p><strong>Ball Risks<\/strong><br>De rug gekromd,<br>de handen laag aan \u2019t stuur.<br>Je lichaam stompt,<br>de wind staat als een muur.<br>En dan, verdomd,<br>&#8211; je fietst maar net een uur &#8211;<br>als d\u00e1t weer komt<br>wat ik heel slecht verduur.<\/p>\n\n\n\n<p>[REF:]<br>Het risico van wielersport:<br>een kruis dat gaat verdoven,<br>waardoor je gaat geloven<br>dat paalmans nooit meer wakker wordt.<\/p>\n\n\n\n<p>Je schuift wat op<br>je zadel heen en weer;<br>of wat voorop,<br>en achterop een keer.<br>\u2019t Lucht even op<br>&#8211; je voelt je jongeheer &#8211;<br>maar kort erop<br>is daar die dofheid weer.<\/p>\n\n\n\n<p>[REF]<\/p>\n\n\n\n<p>Je gaat verwoed<br>op de pedalen staan.<br>Zo kan het bloed<br>weer naar je zitvlak gaan.<br>Wat voelt dat goed,<br>verzucht je dan voldaan.<br>\u00b4t Blijkt overmoed:<br>daar komt die dooi weer aan<\/p>\n\n\n\n<p>[REF]<\/p>\n\n\n\n<p>Je pik verzaakt.<br>Je scrotum wordt gekloofd.<br>Steeds eerder raakt<br>je onderlijf verdoofd<br>en stilaan haakt<br>een angst zich in je hoofd:<br>stel dat-ie staakt;<br>mijn man-zijn wordt ontroofd.<\/p>\n\n\n\n<p>[REF]<\/p>\n\n\n\n<p>Na elke rit<br>recupereert zich traag<br>mijn doodse lid.<br>\u2019t Is altijd weer de vraag:<br>wordt ie nog fit<br>of gaat het om een plaag<br>die dieper zit<br>dan ik als man verdraag?<\/p>\n\n\n\n<p>[SLOTREF:]<br>Een fietser\u2019s grootste zegepraal<br>(na lang en moeizaam sloven<br>je ongemak te boven):<br>ontwaken met een ochtendpaal.<br>&nbsp;<em>\u00a9Wim van Campen\/1 januari 2010<\/em><\/p>\n\n\n\n<p><strong>Onverzadigbaar<\/strong><br>Wat was ik gek op haar<br>Wat ging ik voor de bijl<br>Ik dook&nbsp; in allerijl<br>Dus met haar onder zeil<\/p>\n\n\n\n<p>Ik had het voor elkaar<br>Maar binnen nog geen jaar<br>Was ik niet meer zo geil<br>Ze had ook weinig stijl<br>Dus \u2018k zocht algauw mijn heil<br>Bij een vriendin van haar<\/p>\n\n\n\n<p>[<em>Refrein<\/em>:<br>Steeds weer gaat er iets kapot<br>op de weg naar het genot.<br>Altijd gaat er wel iets stuk<br>tussen hier en het geluk.<\/p>\n\n\n\n<p>Het duurde even maar<br>En dat nog wel terwijl<br>Ik stiekem onderwijl<br>In \u2019n ander bed verzeil<br>Wat is de liefde raar<\/p>\n\n\n\n<p><em>[Refrein]<\/em><\/p>\n\n\n\n<p>Hoeveel ik ook ervaar<br>Met hoevelen ik kwijl<br>Bij hoeveel ik verwijl<br>Het is beneden peil:<br>\u2018k Blijf onverzadigbaar<\/p>\n\n\n\n<p><em>[Refrein]<\/em><\/p>\n\n\n\n<p><em>Wim van Campen\/mei 2017<\/em><\/p>\n\n\n\n<p><strong>Geweldig stel<\/strong><br>Het plekje naast je was nog vrij<br>De trein was vol en heet<br>En wij heel licht gekleed<br>We zaten praktisch dij aan dij<br>Mijn adem stokte in mijn keel<br>Je was onwerelds mooi<br>Ik dacht: ik doe een gooi<br>En praatte over weet ik veel<\/p>\n\n\n\n<p><em>[Break]<\/em><br>Ik vond ons een geweldig paar<br>Dat leuk zou omgaan met elkaar<br>Ik zag \u2019t de mensen denken<br>Wat zit dat stel goed in z\u2019n vel<br>Ik zag ze \u2019t allemaal denken<\/p>\n\n\n\n<p>Mijn dank ging uit naar de NS<br>De rit was flink vertraagd<br>Ik heb \u2019t gewoon gevraagd<br>En kreeg je nummer en adres<br>Ik vroeg niet eens of het al kon<br>Ik dacht: gewoon maar doen<br>Een iets te kleffe zoen<br>Dat was het op het eindstation<\/p>\n\n\n\n<p><em>[Break]<\/em><br>Wat zijn we een geweldig paar<br>Dat heel leuk omgaat met elkaar<br>Je zag \u2019t de mensen denken<br>Wat zit dat stel goed in z\u2019n vel<br>Je zag ze \u2019t allemaal denken<\/p>\n\n\n\n<p>\u2018t Was dringen in de bruine kroeg<br>Toch vond ik haar meteen<br>Mijn armen om haar heen<br>Een hele avond voor de boeg<br>Ik raakte steeds meer van de kook<br>En zij kreeg ook wel zin<br>Dus was \u2019t gewoon win-win<br>Dat zij die nacht mijn bed in dook<\/p>\n\n\n\n<p><em>[Break]<\/em><br>Wat zijn we een geweldig paar<br>Dat heel leuk omgaat met elkaar<br>Je ziet \u2019t de mensen denken<br>Wat zit dat stel goed in z\u2019n vel<br>Je ziet ze \u2019t allemaal denken<\/p>\n\n\n\n<p>Ik zorgde dat ze bij me bleef<br>Volledig in haar ban<br>Het paste in haar plan<br>Dat zij me tot vervoering dreef<br>Ze stond al heel gauw aan het roer<br>Ik leefde in een waas<br>En zij, zij was de baas<br>En ik allang niet meer zo stoer<\/p>\n\n\n\n<p><em>[Break]<\/em><br>Wat zijn we een geweldig paar<br>Dat heel leuk omgaat met elkaar<br>Je ziet \u2019t de mensen denken<br>Wat zit dat stel goed in z\u2019n vel<br>Je ziet ze \u2019t allemaal denken<\/p>\n\n\n\n<p>Heel langzaam rees bij mij \u2019t besef<br>Van mijn beperkt bestaan<br>Van alle glans ontdaan<br>Zo onderworpen aan de chef<br>Zij had in alles de regie<br>Het kostte me veel moed<br>Maar \u2018k heb me toch voorgoed<br>Ontworsteld aan haar tirannie<\/p>\n\n\n\n<p><em>[Break]<\/em><br>We waren een geweldig paar<br>Dat heel leuk omging met elkaar<br>Je zag \u2019t de mensen denken<br>Toch zat dit stel niet goed in \u2018t vel<br>Wat ook de mensen denken<br><em>Wim van Campen\/mei 2017<\/em><\/p>\n\n\n\n<p><strong>Lakenballade<\/strong><br>Je kunt een potje schaken,<br>je eigen sokken haken,<br>of mooie foto\u2019s maken.<br>Toch kun je onder \u2019t laken<br>jezelf het best vermaken.<\/p>\n\n\n\n<p>Je kunt een reis gaan maken,<br>geheime codes kraken<br>of aan de drank geraken.<br>Toch kun je onder \u2019t laken<br>jezelf het best vermaken.<\/p>\n\n\n\n<p>Je kunt ook gaan in zaken,<br>een bord met pijltjes raken<br>of vogelkreten slaken.<br>Toch kun je onder \u2019t laken<br>jezelf het best vermaken.<\/p>\n\n\n\n<p>Men spaart wel oude knaken,<br>geniet van fijne smaken<br>of schreeuwt het van de daken..<br>Toch kun je onder \u2019t laken<br>jezelf het best vermaken.<\/p>\n\n\n\n<p>Je kunt ook rechters wraken,<br>gaan handelen in aken<br>of nachtenlang doorwaken.<br>Toch kun je onder \u2019t laken<br>jezelf het best vermaken.<br><em>\u00a9Wim van Campen, februari 2011<\/em><\/p>\n\n\n\n<p><\/p>\n","protected":false},"excerpt":{"rendered":"<p>Liedteksten Het succes van de grote Nederlandse zanger\/tekstschrijver&nbsp;Jan Blom&nbsp;heeft mij aangemoedigd me ook aan het schrijven van liedteksten te gaan bezondigen. Hier zijn er een paar: Duizend keren (liedtekst voor&nbsp;Jan Blom)Ik woel wat door je haarJe goudgesponnen haarIk strijk eens langs je kinJe hartgevormde kin\u2019t Is prima voor mekaarIk krijg een beetje zin [Refrein:]Duizend kerenDuizend&#8230;<\/p>\n","protected":false},"author":1,"featured_media":0,"parent":0,"menu_order":0,"comment_status":"closed","ping_status":"closed","template":"","meta":{"_kadence_starter_templates_imported_post":false,"_kad_post_transparent":"","_kad_post_title":"hide","_kad_post_layout":"","_kad_post_sidebar_id":"","_kad_post_content_style":"","_kad_post_vertical_padding":"","_kad_post_feature":"","_kad_post_feature_position":"","_kad_post_header":false,"_kad_post_footer":false,"_kad_post_classname":"","footnotes":""},"class_list":["post-252","page","type-page","status-publish","hentry"],"_links":{"self":[{"href":"https:\/\/wimvancampen.nl\/index.php?rest_route=\/wp\/v2\/pages\/252","targetHints":{"allow":["GET"]}}],"collection":[{"href":"https:\/\/wimvancampen.nl\/index.php?rest_route=\/wp\/v2\/pages"}],"about":[{"href":"https:\/\/wimvancampen.nl\/index.php?rest_route=\/wp\/v2\/types\/page"}],"author":[{"embeddable":true,"href":"https:\/\/wimvancampen.nl\/index.php?rest_route=\/wp\/v2\/users\/1"}],"replies":[{"embeddable":true,"href":"https:\/\/wimvancampen.nl\/index.php?rest_route=%2Fwp%2Fv2%2Fcomments&post=252"}],"version-history":[{"count":9,"href":"https:\/\/wimvancampen.nl\/index.php?rest_route=\/wp\/v2\/pages\/252\/revisions"}],"predecessor-version":[{"id":396,"href":"https:\/\/wimvancampen.nl\/index.php?rest_route=\/wp\/v2\/pages\/252\/revisions\/396"}],"wp:attachment":[{"href":"https:\/\/wimvancampen.nl\/index.php?rest_route=%2Fwp%2Fv2%2Fmedia&parent=252"}],"curies":[{"name":"wp","href":"https:\/\/api.w.org\/{rel}","templated":true}]}}